{"id":4300,"date":"2024-04-17T14:25:04","date_gmt":"2024-04-17T12:25:04","guid":{"rendered":"https:\/\/mesvoyagesinterieurs.com\/?page_id=4300"},"modified":"2026-02-06T12:34:05","modified_gmt":"2026-02-06T11:34:05","slug":"actualites","status":"publish","type":"page","link":"https:\/\/mesvoyagesinterieurs.com\/index.php\/actualites\/","title":{"rendered":"Actualit\u00e9s 2026"},"content":{"rendered":"\t\t<div data-elementor-type=\"wp-page\" data-elementor-id=\"4300\" class=\"elementor elementor-4300\">\n\t\t\t\t\t\t<section class=\"elementor-section elementor-top-section elementor-element elementor-element-46321fa elementor-section-content-middle p-t-xl p-b-lg elementor-section-boxed elementor-section-height-default elementor-section-height-default\" data-id=\"46321fa\" data-element_type=\"section\">\r\n\t\t\r\n\t\t\t\t\t\t\t<div class=\"elementor-container elementor-column-gap-default\">\r\n\t\t\t\t\t\t\t\t\t\t\t<div class=\"elementor-column elementor-col-50 elementor-top-column elementor-element elementor-element-663fca80\" data-id=\"663fca80\" data-element_type=\"column\">\r\n\t\t\t\t\t<div class=\"elementor-widget-wrap elementor-element-populated\">\r\n\t\t\t\t\t\t\t\t<div class=\"elementor-element elementor-element-7a0f0bf elementor-widget elementor-widget-text-editor\" data-id=\"7a0f0bf\" data-element_type=\"widget\" data-widget_type=\"text-editor.default\">\n\t\t\t\t<div class=\"elementor-widget-container\">\n\t\t\t<style>\/*! elementor - v3.21.0 - 26-05-2024 *\/\n.elementor-widget-text-editor.elementor-drop-cap-view-stacked .elementor-drop-cap{background-color:#69727d;color:#fff}.elementor-widget-text-editor.elementor-drop-cap-view-framed .elementor-drop-cap{color:#69727d;border:3px solid;background-color:transparent}.elementor-widget-text-editor:not(.elementor-drop-cap-view-default) .elementor-drop-cap{margin-top:8px}.elementor-widget-text-editor:not(.elementor-drop-cap-view-default) .elementor-drop-cap-letter{width:1em;height:1em}.elementor-widget-text-editor .elementor-drop-cap{float:left;text-align:center;line-height:1;font-size:50px}.elementor-widget-text-editor .elementor-drop-cap-letter{display:inline-block}<\/style>\t\t\t\t<h1>Actualit\u00e9s\u00a0<\/h1>\t\t\t\t\t\t<\/div>\n\t\t\t\t<\/div>\n\t\t\t\t<div class=\"elementor-element elementor-element-24c01489 elementor-widget elementor-widget-text-editor\" data-id=\"24c01489\" data-element_type=\"widget\" data-widget_type=\"text-editor.default\">\n\t\t\t\t<div class=\"elementor-widget-container\">\n\t\t\t\t\t\t\t<h4>Conf\u00e9rence, Atelier, Formation, Live Youtube, M\u00e9ditation<\/h4>\t\t\t\t\t\t<\/div>\n\t\t\t\t<\/div>\n\t\t\t\t<div class=\"elementor-element elementor-element-1db6b485 elementor-widget elementor-widget-text-editor\" data-id=\"1db6b485\" data-element_type=\"widget\" data-widget_type=\"text-editor.default\">\n\t\t\t\t<div class=\"elementor-widget-container\">\n\t\t\t\t\t\t\t<p>Retrouvez ici les prochains \u00e9v\u00e8nement de Corinne Colin-Bellet. Certaines dates peuvent \u00eatre modifi\u00e9es et nous vous invitons \u00e0 venir r\u00e9guli\u00e8rement visiter cette page pour vous tenir inform\u00e9 en temps r\u00e9\u00e9l.<\/p>\t\t\t\t\t\t<\/div>\n\t\t\t\t<\/div>\n\t\t\t\t<div class=\"elementor-element elementor-element-41d6ee13 elementor-widget elementor-widget-porto_steps\" data-id=\"41d6ee13\" data-element_type=\"widget\" data-widget_type=\"porto_steps.default\">\n\t\t\t\t<div class=\"elementor-widget-container\">\n\t\t\t<div class=\"timeline-circle background-color-primary border-transparent no-box-shadow text-color-light center m-b-lg  \"><div class=\"circle-dotted\"><div class=\"circle-center\"><span class=\"step-title text-color-light font-weight-bold m-b-none\">Prochains<\/span><span class=\"step-subtitle text-color-light\">Evenements<\/span><\/div><\/div><\/div><div class=\"timeline-balloon p-b-lg m-b-sm \"><div class=\"balloon-cell balloon-time\"><span class=\"time-text step-item-subtitle\">FEV 2026<\/span><div class=\"time-dot background-color-light\"><\/div><\/div><div class=\"balloon-cell\"><div class=\"balloon-content background-color-light\"><span class=\"balloon-arrow\"><\/span><div class=\"balloon-photo\"><i class=\"fas fa-star\"><\/i><\/div><div class=\"balloon-description\"><h5 class=\"step-item-title text-color-dark font-weight-bold p-t-xs\">Le 5 f\u00e9vrier 2026<\/h5><div class=\"step-item-desc\"><p>Gu\u00e9rir nos lign\u00e9es, un voyage au coeur de nos h\u00e9ritages invisibles - Groupe de travail mensuel, exploration transg\u00e9n\u00e9rationnelle et \u00e9pig\u00e9n\u00e9tique<br \/><a href=\"https:\/\/www.helloasso.com\/associations\/l-ami-calmant\/evenements\/des-racines-du-passe-aux-ramures-du-futur\" target=\"_blank\" rel=\"noopener\">en savoir plus<\/a><\/p><\/div><\/div><\/div><\/div><\/div><div class=\"timeline-balloon p-b-lg m-b-sm \"><div class=\"balloon-cell balloon-time\"><span class=\"time-text step-item-subtitle\">FEV 2026<\/span><div class=\"time-dot background-color-light\"><\/div><\/div><div class=\"balloon-cell\"><div class=\"balloon-content background-color-light\"><span class=\"balloon-arrow\"><\/span><div class=\"balloon-photo\"><i class=\"fas fa-star\"><\/i><\/div><div class=\"balloon-description\"><h5 class=\"step-item-title text-color-dark font-weight-bold p-t-xs\">Les 27\/28 f\u00e9vrier et 1 mars 2026 \u00e0 Nantes <\/h5><div class=\"step-item-desc\"><p>Constellation familiale &amp; intuitive<br \/>Avec Corinne Collin-Bellet<br \/>Activer la prosp\u00e9rit\u00e9, affective et financi\u00e8re<br \/>Tarif unique par personne: 260\u20ac<br \/>R\u00e9servations :\u00a0<br \/><a href=\"mailto:CONTACT@JAUNETURQUOISE.FR\">CONTACT@JAUNETURQUOISE.FR<\/a><\/p><\/div><\/div><\/div><\/div><\/div><div class=\"timeline-balloon p-b-lg m-b-sm \"><div class=\"balloon-cell balloon-time\"><span class=\"time-text step-item-subtitle\">MARS 2026<\/span><div class=\"time-dot background-color-light\"><\/div><\/div><div class=\"balloon-cell\"><div class=\"balloon-content background-color-light\"><span class=\"balloon-arrow\"><\/span><div class=\"balloon-photo\"><i class=\"fas fa-star\"><\/i><\/div><div class=\"balloon-description\"><h5 class=\"step-item-title text-color-dark font-weight-bold p-t-xs\">Le\u00a022 mars\u00a0\u00e0 Paris<\/h5><div class=\"step-item-desc\"><div role=\"presentation\">Atelier Rencontre \u00e0 Paris par Estelle Ghesqui\u00e8re\u00a0<br \/>\u00a0<a id=\"m_7542129858424868063OWA348257f8-0e19-3d50-0cc0-4c359ea2fcf1\" title=\"https:\/\/fb.me\/e\/6uWzCkNar\" href=\"https:\/\/fb.me\/e\/6uWzCkNar\" target=\"_blank\" rel=\"noopener\" data-saferedirecturl=\"https:\/\/www.google.com\/url?q=https:\/\/fb.me\/e\/6uWzCkNar&amp;source=gmail&amp;ust=1767953965460000&amp;usg=AOvVaw01GHIGX3jEWHi9CH33WnPD\">Atelier rencontre - Les voeux karmiques seraient-ils les blocages inexpliqu\u00e9s de votre vie<\/a><\/div><\/div><\/div><\/div><\/div><\/div>\t\t<\/div>\n\t\t\t\t<\/div>\n\t\t\t\t\t<\/div>\r\n\t\t\t\t<\/div>\r\n\t\t\t\t<div class=\"elementor-column elementor-col-50 elementor-top-column elementor-element elementor-element-3636f536\" data-id=\"3636f536\" data-element_type=\"column\">\r\n\t\t\t\t\t<div class=\"elementor-widget-wrap\">\r\n\t\t\t\t\t\t\t\t\t<\/div>\r\n\t\t\t\t<\/div>\r\n\t\t\t\t\t<\/div>\r\n\t\t\t\t<\/section>\r\n\t\t\t\t<\/div>\n\t\t","protected":false},"excerpt":{"rendered":"<p>Actualit\u00e9s\u00a0 Conf\u00e9rence, Atelier, Formation, Live Youtube, M\u00e9ditation Retrouvez ici les prochains \u00e9v\u00e8nement de Corinne Colin-Bellet. Certaines dates peuvent \u00eatre modifi\u00e9es et nous vous invitons \u00e0 venir r\u00e9guli\u00e8rement visiter cette page pour vous tenir inform\u00e9 en temps r\u00e9\u00e9l. ProchainsEvenementsFEV 2026 Le 5 f\u00e9vrier 2026 Gu\u00e9rir nos lign\u00e9es, un voyage au coeur de nos h\u00e9ritages invisibles &#8211; [&hellip;]<\/p>\n","protected":false},"author":1,"featured_media":0,"parent":0,"menu_order":0,"comment_status":"closed","ping_status":"closed","template":"","meta":{"content-type":"","footnotes":""},"class_list":["post-4300","page","type-page","status-publish","hentry"],"acf":[],"_links":{"self":[{"href":"https:\/\/mesvoyagesinterieurs.com\/index.php\/wp-json\/wp\/v2\/pages\/4300","targetHints":{"allow":["GET"]}}],"collection":[{"href":"https:\/\/mesvoyagesinterieurs.com\/index.php\/wp-json\/wp\/v2\/pages"}],"about":[{"href":"https:\/\/mesvoyagesinterieurs.com\/index.php\/wp-json\/wp\/v2\/types\/page"}],"author":[{"embeddable":true,"href":"https:\/\/mesvoyagesinterieurs.com\/index.php\/wp-json\/wp\/v2\/users\/1"}],"replies":[{"embeddable":true,"href":"https:\/\/mesvoyagesinterieurs.com\/index.php\/wp-json\/wp\/v2\/comments?post=4300"}],"version-history":[{"count":81,"href":"https:\/\/mesvoyagesinterieurs.com\/index.php\/wp-json\/wp\/v2\/pages\/4300\/revisions"}],"predecessor-version":[{"id":6831,"href":"https:\/\/mesvoyagesinterieurs.com\/index.php\/wp-json\/wp\/v2\/pages\/4300\/revisions\/6831"}],"wp:attachment":[{"href":"https:\/\/mesvoyagesinterieurs.com\/index.php\/wp-json\/wp\/v2\/media?parent=4300"}],"curies":[{"name":"wp","href":"https:\/\/api.w.org\/{rel}","templated":true}]}}