{"id":6553,"date":"2026-01-16T19:59:04","date_gmt":"2026-01-16T18:59:04","guid":{"rendered":"https:\/\/mesvoyagesinterieurs.com\/?page_id=6553"},"modified":"2026-01-30T13:36:23","modified_gmt":"2026-01-30T12:36:23","slug":"stage","status":"publish","type":"page","link":"https:\/\/mesvoyagesinterieurs.com\/index.php\/stage\/","title":{"rendered":"Stages"},"content":{"rendered":"\t\t<div data-elementor-type=\"wp-page\" data-elementor-id=\"6553\" class=\"elementor elementor-6553\">\n\t\t\t\t\t\t<section class=\"elementor-section elementor-top-section elementor-element elementor-element-5e0f451 elementor-section-content-middle p-t-xl p-b-lg elementor-section-boxed elementor-section-height-default elementor-section-height-default\" data-id=\"5e0f451\" data-element_type=\"section\">\r\n\t\t\r\n\t\t\t\t\t\t\t<div class=\"elementor-container elementor-column-gap-default\">\r\n\t\t\t\t\t\t\t\t\t\t\t<div class=\"elementor-column elementor-col-50 elementor-top-column elementor-element elementor-element-dca7b68\" data-id=\"dca7b68\" data-element_type=\"column\">\r\n\t\t\t\t\t<div class=\"elementor-widget-wrap elementor-element-populated\">\r\n\t\t\t\t\t\t\t\t<div class=\"elementor-element elementor-element-2cd2b15 elementor-widget elementor-widget-text-editor\" data-id=\"2cd2b15\" data-element_type=\"widget\" data-widget_type=\"text-editor.default\">\n\t\t\t\t<div class=\"elementor-widget-container\">\n\t\t\t<style>\/*! elementor - v3.21.0 - 26-05-2024 *\/\n.elementor-widget-text-editor.elementor-drop-cap-view-stacked .elementor-drop-cap{background-color:#69727d;color:#fff}.elementor-widget-text-editor.elementor-drop-cap-view-framed .elementor-drop-cap{color:#69727d;border:3px solid;background-color:transparent}.elementor-widget-text-editor:not(.elementor-drop-cap-view-default) .elementor-drop-cap{margin-top:8px}.elementor-widget-text-editor:not(.elementor-drop-cap-view-default) .elementor-drop-cap-letter{width:1em;height:1em}.elementor-widget-text-editor .elementor-drop-cap{float:left;text-align:center;line-height:1;font-size:50px}.elementor-widget-text-editor .elementor-drop-cap-letter{display:inline-block}<\/style>\t\t\t\t<h1>Retraite R\u00e9g\u00e9n\u00e9ratrice<br \/>\u00e0 ESSAOUIRA<\/h1>\t\t\t\t\t\t<\/div>\n\t\t\t\t<\/div>\n\t\t\t\t<div class=\"elementor-element elementor-element-27be85a elementor-widget elementor-widget-text-editor\" data-id=\"27be85a\" data-element_type=\"widget\" data-widget_type=\"text-editor.default\">\n\t\t\t\t<div class=\"elementor-widget-container\">\n\t\t\t\t\t\t\t<h4>Et si vous vous offriez bien plus qu&rsquo;une pause?<\/h4>\t\t\t\t\t\t<\/div>\n\t\t\t\t<\/div>\n\t\t\t\t<div class=\"elementor-element elementor-element-96948b3 elementor-widget__width-initial elementor-widget elementor-widget-text-editor\" data-id=\"96948b3\" data-element_type=\"widget\" data-widget_type=\"text-editor.default\">\n\t\t\t\t<div class=\"elementor-widget-container\">\n\t\t\t\t\t\t\t<p><span style=\"font-weight: normal;\">Un temps pour respirer, d\u00e9poser ce qui p\u00e8se et vous reconnecter \u00e0 l&rsquo;essentiel. Dans l&rsquo;\u00e9nergie du lieu et la force du groupe, vous ralentissez et repartez plus align\u00e9, plus lucide, plus vivant. Une exp\u00e9rience de ressourcement profond et des cl\u00e9s concr\u00e8tes pour la suite.<\/span>&nbsp;<\/p>\n<p>UN LIEU VIBRANT ENTRE OC\u00c9AN ET LUMI\u00c8RE UN ACCOMPAGNEMENT SENSIBLE ET PROFOND SILENCE, PR\u00c9SENCE, RECONNEXION UNE DYNAMIQUE DE GROUPE SOUTENANTE DES ATELIERS CONCRETS POUR SE REPOSITIONNER UNE CUISINE VIVANTE QUI NOURRIT LE CORPS ET L&rsquo;\u00c9NERGIE RITUELS, ESCAPADES ET RESPIRATIONS ESSENTIELLES&nbsp;<\/p>\n<p>P<span style=\"font-weight: normal;\">lus d&rsquo;informations et Dossier complet :&nbsp;<\/span><\/p>\n<p>Corinne Collin Bellet &#8211; <a href=\"mailto:ccb37000@gmail.com\">ccb37000@gmail.com<\/a> <br>Pascal Boureau &#8211; <a href=\"mailto:contact@boosterdimpact.com\">contact@boosterdimpact.com<\/a><\/p>\t\t\t\t\t\t<\/div>\n\t\t\t\t<\/div>\n\t\t\t\t\t<\/div>\r\n\t\t\t\t<\/div>\r\n\t\t\t\t<div class=\"elementor-column elementor-col-50 elementor-top-column elementor-element elementor-element-82c3d70\" data-id=\"82c3d70\" data-element_type=\"column\">\r\n\t\t\t\t\t<div class=\"elementor-widget-wrap elementor-element-populated\">\r\n\t\t\t\t\t\t\t\t<div class=\"elementor-element elementor-element-333dee4 elementor-widget elementor-widget-image\" data-id=\"333dee4\" data-element_type=\"widget\" data-widget_type=\"image.default\">\n\t\t\t\t<div class=\"elementor-widget-container\">\n\t\t\t<style>\/*! elementor - v3.21.0 - 26-05-2024 *\/\n.elementor-widget-image{text-align:center}.elementor-widget-image a{display:inline-block}.elementor-widget-image a img[src$=\".svg\"]{width:48px}.elementor-widget-image img{vertical-align:middle;display:inline-block}<\/style>\t\t\t\t\t\t\t\t\t\t<img fetchpriority=\"high\" decoding=\"async\" width=\"724\" height=\"1024\" src=\"https:\/\/mesvoyagesinterieurs.com\/wp-content\/uploads\/2026\/01\/RETRAITE-REGENERATRICE--724x1024.jpg\" class=\"attachment-large size-large wp-image-6760\" alt=\"\" srcset=\"https:\/\/mesvoyagesinterieurs.com\/wp-content\/uploads\/2026\/01\/RETRAITE-REGENERATRICE--724x1024.jpg 724w, https:\/\/mesvoyagesinterieurs.com\/wp-content\/uploads\/2026\/01\/RETRAITE-REGENERATRICE--320x453.jpg 320w, https:\/\/mesvoyagesinterieurs.com\/wp-content\/uploads\/2026\/01\/RETRAITE-REGENERATRICE--480x679.jpg 480w, https:\/\/mesvoyagesinterieurs.com\/wp-content\/uploads\/2026\/01\/RETRAITE-REGENERATRICE--640x905.jpg 640w, https:\/\/mesvoyagesinterieurs.com\/wp-content\/uploads\/2026\/01\/RETRAITE-REGENERATRICE--400x566.jpg 400w, https:\/\/mesvoyagesinterieurs.com\/wp-content\/uploads\/2026\/01\/RETRAITE-REGENERATRICE--367x519.jpg 367w, https:\/\/mesvoyagesinterieurs.com\/wp-content\/uploads\/2026\/01\/RETRAITE-REGENERATRICE--600x848.jpg 600w\" sizes=\"(max-width: 724px) 100vw, 724px\" \/>\t\t\t\t\t\t\t\t\t\t\t\t\t<\/div>\n\t\t\t\t<\/div>\n\t\t\t\t\t<\/div>\r\n\t\t\t\t<\/div>\r\n\t\t\t\t\t<\/div>\r\n\t\t\t\t<\/section>\r\n\t\t\t\t<section class=\"elementor-section elementor-top-section elementor-element elementor-element-32dac04 elementor-section-content-middle p-t-xl p-b-lg elementor-section-boxed elementor-section-height-default elementor-section-height-default\" data-id=\"32dac04\" data-element_type=\"section\">\r\n\t\t\r\n\t\t\t\t\t\t\t<div class=\"elementor-container elementor-column-gap-default\">\r\n\t\t\t\t\t\t\t\t\t\t\t<div class=\"elementor-column elementor-col-50 elementor-top-column elementor-element elementor-element-fe8aac0\" data-id=\"fe8aac0\" data-element_type=\"column\">\r\n\t\t\t\t\t<div class=\"elementor-widget-wrap elementor-element-populated\">\r\n\t\t\t\t\t\t\t\t<div class=\"elementor-element elementor-element-a48181b elementor-widget elementor-widget-text-editor\" data-id=\"a48181b\" data-element_type=\"widget\" data-widget_type=\"text-editor.default\">\n\t\t\t\t<div class=\"elementor-widget-container\">\n\t\t\t\t\t\t\t<h1>La voie des Sages<\/h1>\t\t\t\t\t\t<\/div>\n\t\t\t\t<\/div>\n\t\t\t\t<div class=\"elementor-element elementor-element-6f65bd6 elementor-widget elementor-widget-text-editor\" data-id=\"6f65bd6\" data-element_type=\"widget\" data-widget_type=\"text-editor.default\">\n\t\t\t\t<div class=\"elementor-widget-container\">\n\t\t\t\t\t\t\t<h4>Formations de l&rsquo;\u00eatre \u00e9nerg\u00e9tique et spirituel <br \/>\u00a07 modules pour s&rsquo;aligner avec ses multidimensions<\/h4>\t\t\t\t\t\t<\/div>\n\t\t\t\t<\/div>\n\t\t\t\t<div class=\"elementor-element elementor-element-715518b elementor-widget elementor-widget-text-editor\" data-id=\"715518b\" data-element_type=\"widget\" data-widget_type=\"text-editor.default\">\n\t\t\t\t<div class=\"elementor-widget-container\">\n\t\t\t\t\t\t\t<p>\u00ab\u00a0Ce que la Lumi\u00e8re est aux yeux, ce que l&rsquo;air est au poumon, ce que l&rsquo;amour est au coeur, la libert\u00e9 l&rsquo;est \u00e0 l&rsquo;\u00e2me humaine. Robert Green\u00a0\u00bb<\/p><p><span style=\"font-weight: normal;\">Chacun d&rsquo;entre nous peut s&rsquo;\u00e9veiller et d\u00e9ployer ses perceptions intuitives afin d&rsquo;incarner la plus authentique expression de son essence.<\/span><\/p><p><span style=\"font-weight: normal;\">La voie g\u00e9n\u00e9ratrice de cet enseignement permet l&rsquo;acquisition des savoirs, son int\u00e9gration pratique et l&rsquo;activation des potentialit\u00e9s.<\/span><\/p><p><span style=\"font-weight: normal;\">L&rsquo;objectif est d&rsquo;\u0152uvrer sa vie, de cr\u00e9er \u00e0 l&rsquo;image de sa mission d&rsquo;\u00e2me, de se r\u00e9aliser selon sa nature, de contribuer \u00e0 incarner une spiritualit\u00e9 harmonieuse et \u00e9panouissante dans tous les domaines de son existence dans un alignement coeur\/corps\/esprit.<\/span><\/p><p><span style=\"font-weight: normal;\">Ce parcours est fait pour vous si :<\/span><\/p><p><span style=\"font-weight: normal;\">Vous ressentez un appel de votre \u00e2me \u00e0 se r\u00e9aliser, \u00e0 se d\u00e9ployer ?<br \/>Le besoin souverain de manifester votre nature, votre g\u00e9nie int\u00e9rieur, d&rsquo;activer l&rsquo;Or de votre boussole ?<\/span><\/p><p><span style=\"font-weight: normal;\">L&rsquo;\u00e9lan d&rsquo;une r\u00e9g\u00e9n\u00e9ration int\u00e9rieure qui permet d&rsquo;acc\u00e9der \u00e0 un niveau sup\u00e9rieur de pl\u00e9nitude?<\/span><\/p><p><span style=\"font-weight: normal;\">Le d\u00e9sir de suivre la voie de votre \u00e2me plut\u00f4t que celle de votre \u00e9go fa\u00e7onn\u00e9 et r\u00e9sistant au bonheur ?<\/span><\/p><p><span style=\"font-weight: normal;\">La n\u00e9cessit\u00e9 de vous lib\u00e9rer des anciens sch\u00e9mas, sc\u00e9narios, blessures qui obstruent votre bonheur ?<br \/>L&rsquo;\u00e9lan de coeur et d&rsquo;\u00e2me de nourrir votre vie en repla\u00e7ant votre \u00e2me aux commandes?<\/span><\/p><p><span style=\"font-weight: normal;\">Ce que vous apprendrez gr\u00e2ce \u00e0 ces ateliers :<\/span><\/p><p>Module 1 : <span style=\"font-weight: normal;\">Initiation \u00e0 la Radiesth\u00e9sie: Conventions pr\u00e9alables \u00e0 l&rsquo;utilisation du pendule, protection, nettoyage, pri\u00e8res de soins, les ondes de forme, les planches radiesth\u00e9siques, les questions au pendule, la purification, exercices pratiques.<\/span><\/p><p>Module 2 :<span style=\"font-weight: normal;\"> Le corps \u00e9nerg\u00e9tique : les 7 corps subtils, le taux vibratoire, l\u2019harmonisation globale de l&rsquo;\u00eatre, le nettoyage des parasites \u00e9motionnels et mentaux, le Bouclier de lumi\u00e8re et la coque de protection, les liens \u00e9th\u00e9riques, la fermeture des passages invisibles, le colmatage des failles auriques, la transmutation des formes pens\u00e9es.<\/span><\/p><p>Module 3 : <span style=\"font-weight: normal;\">Les Rituels \u00e9nerg\u00e9tiques et Symboliques : actes symboliques de lib\u00e9ration \u00e9nerg\u00e9tique, \u00e9motionnelle ou ancestrale, pour rompre les liens d\u2019attachement, les liens toxiques, le courrier th\u00e9rapie, l&rsquo;\u00e9criture intuitive, l&rsquo;analogie, les arch\u00e9types, le recouvrement d\u2019\u00e2me.<\/span><\/p><p>Module 4 :<span style=\"font-weight: normal;\"> Protections des \u00e9nergies n\u00e9gatives : les parasites et implants, les pri\u00e8res de gu\u00e9rison, le gardien de la maison, les invocations de protection, l\u2019emprisom\u00e8tre, d\u00e9crets de lib\u00e9ration, le vampirisme \u00e9nerg\u00e9tique, les outils de purification, la cons\u00e9cration des encens, pierres et bougies.<\/span><\/p><p>Module 5 : <span style=\"font-weight: normal;\">Intentions et codes de gu\u00e9rison: les S\u00e9quences num\u00e9riques de Grabovo\u00ef, les enseignements re\u00e7us des \u00eatres de Lumi\u00e8re, les mots porteurs d&rsquo;\u00e9nergie de gu\u00e9rison, protocole complet Ho\u2019 Oponopono, protocole d\u2019enracinement.<\/span><\/p><p>Module 6 :<span style=\"font-weight: normal;\">\u00a0Initiation \u00e0 l&rsquo;Ang\u00e9ologie: D\u00e9couvrir et contacter son guide ancestral, accueillir la r\u00e9gence des Anges et Archanges, la hi\u00e9rarchie des Ma\u00eetres, rituel d&rsquo;invocation, soins de d\u00e9blocages et d&rsquo;abondance, comment entrer en contact et faire ses demandes de soutien.<\/span><\/p><p>Module 7 :<span style=\"font-weight: normal;\"> Les Mantras sacr\u00e9s et les fr\u00e9quences de gu\u00e9rison sonores: les lettres h\u00e9bra\u00efques, la num\u00e9rologie du pr\u00e9nom et chemin de vie, les cl\u00e9s de naissance.<\/span><\/p><p><span style=\"font-weight: normal;\">La m\u00e9ditation, la danse intuitive, le chant spontan\u00e9, les pratiques en bin\u00f4me, les tirages d&rsquo;Oracle, les partages et les apports conceptuels sont inh\u00e9rents \u00e0 chaque journ\u00e9e afin d&rsquo;\u00e9lever, d&rsquo;affiner et d\u00e9ployer ses perceptions<\/span><\/p><p>Le format de l&rsquo;atelier : Collectif bienveillant, un samedi par mois durant 7 mois<\/p><p>Lieu : Jou\u00e9-Les-Tours<\/p><p><span style=\"font-weight: normal;\">La contribution financi\u00e8re : 90\u20ac par journ\u00e9e &#8211; Engagement conseill\u00e9 sur le cycle complet, accessible par Module<\/span><\/p><p><span style=\"font-weight: normal;\">Inscription et r\u00e9servation : 50\u20ac \u00e0 m&rsquo;adresser par ch\u00e8que au 3 mail Suzanne Valadon 37000 Tours<\/span><\/p><p><span style=\"font-weight: normal;\">Table d&rsquo;abondance en partage pour le repas du midi<\/span><\/p><p><span style=\"font-weight: normal;\">Si cet enseignement t&rsquo;appelle, adresse moi un mail <a href=\"mailto:ccb37000@gmail.com\">ccb37000@gmail.com<\/a><\/span><\/p><p><span style=\"font-weight: normal;\">Dans la r\u00e9sonance de l&rsquo;Amour, CoCo<\/span><\/p>\t\t\t\t\t\t<\/div>\n\t\t\t\t<\/div>\n\t\t\t\t\t<\/div>\r\n\t\t\t\t<\/div>\r\n\t\t\t\t<div class=\"elementor-column elementor-col-50 elementor-top-column elementor-element elementor-element-009409f\" data-id=\"009409f\" data-element_type=\"column\">\r\n\t\t\t\t\t<div class=\"elementor-widget-wrap elementor-element-populated\">\r\n\t\t\t\t\t\t\t\t<div class=\"elementor-element elementor-element-80fec41 elementor-widget elementor-widget-image\" data-id=\"80fec41\" data-element_type=\"widget\" data-widget_type=\"image.default\">\n\t\t\t\t<div class=\"elementor-widget-container\">\n\t\t\t\t\t\t\t\t\t\t\t\t\t<img decoding=\"async\" width=\"721\" height=\"1024\" src=\"https:\/\/mesvoyagesinterieurs.com\/wp-content\/uploads\/2026\/01\/Les-Sages-parcours-spirituel-Corinne-Collin-Bellet-01-16-2026_07_54_PM-1-721x1024.png\" class=\"attachment-large size-large wp-image-6595\" alt=\"\" srcset=\"https:\/\/mesvoyagesinterieurs.com\/wp-content\/uploads\/2026\/01\/Les-Sages-parcours-spirituel-Corinne-Collin-Bellet-01-16-2026_07_54_PM-1-721x1024.png 721w, https:\/\/mesvoyagesinterieurs.com\/wp-content\/uploads\/2026\/01\/Les-Sages-parcours-spirituel-Corinne-Collin-Bellet-01-16-2026_07_54_PM-1-320x455.png 320w, https:\/\/mesvoyagesinterieurs.com\/wp-content\/uploads\/2026\/01\/Les-Sages-parcours-spirituel-Corinne-Collin-Bellet-01-16-2026_07_54_PM-1-480x682.png 480w, https:\/\/mesvoyagesinterieurs.com\/wp-content\/uploads\/2026\/01\/Les-Sages-parcours-spirituel-Corinne-Collin-Bellet-01-16-2026_07_54_PM-1-640x909.png 640w, https:\/\/mesvoyagesinterieurs.com\/wp-content\/uploads\/2026\/01\/Les-Sages-parcours-spirituel-Corinne-Collin-Bellet-01-16-2026_07_54_PM-1-400x568.png 400w, https:\/\/mesvoyagesinterieurs.com\/wp-content\/uploads\/2026\/01\/Les-Sages-parcours-spirituel-Corinne-Collin-Bellet-01-16-2026_07_54_PM-1-367x521.png 367w, https:\/\/mesvoyagesinterieurs.com\/wp-content\/uploads\/2026\/01\/Les-Sages-parcours-spirituel-Corinne-Collin-Bellet-01-16-2026_07_54_PM-1-600x852.png 600w\" sizes=\"(max-width: 721px) 100vw, 721px\" \/>\t\t\t\t\t\t\t\t\t\t\t\t\t<\/div>\n\t\t\t\t<\/div>\n\t\t\t\t<div class=\"elementor-element elementor-element-c8bc917 elementor-widget elementor-widget-porto_steps\" data-id=\"c8bc917\" data-element_type=\"widget\" data-widget_type=\"porto_steps.default\">\n\t\t\t\t<div class=\"elementor-widget-container\">\n\t\t\t<div class=\"timeline-circle background-color-primary border-transparent no-box-shadow text-color-light center m-b-lg  \"><div class=\"circle-dotted\"><div class=\"circle-center\"><span class=\"step-title text-color-light font-weight-bold m-b-none\">laVOIE<\/span><span class=\"step-subtitle text-color-light\"> des Sages<\/span><\/div><\/div><\/div><div class=\"timeline-balloon p-b-lg m-b-sm \"><div class=\"balloon-cell balloon-time\"><span class=\"time-text step-item-subtitle\">JANV 2026<\/span><div class=\"time-dot background-color-light\"><\/div><\/div><div class=\"balloon-cell\"><div class=\"balloon-content background-color-light\"><span class=\"balloon-arrow\"><\/span><div class=\"balloon-photo\"><i class=\"fas fa-star\"><\/i><\/div><div class=\"balloon-description\"><h5 class=\"step-item-title text-color-dark font-weight-bold p-t-xs\">SAMEDI 17 JANVIER 2026<\/h5><div class=\"step-item-desc\"><p>La voie des Sages Module 4<br \/>Protection des \u00e9nergies n\u00e9gatives<\/p><p>JOUE LES TOURS DE 10H A 18H<\/p><\/div><\/div><\/div><\/div><\/div><div class=\"timeline-balloon p-b-lg m-b-sm \"><div class=\"balloon-cell balloon-time\"><span class=\"time-text step-item-subtitle\">FEV 2026<\/span><div class=\"time-dot background-color-light\"><\/div><\/div><div class=\"balloon-cell\"><div class=\"balloon-content background-color-light\"><span class=\"balloon-arrow\"><\/span><div class=\"balloon-photo\"><i class=\"fas fa-star\"><\/i><\/div><div class=\"balloon-description\"><h5 class=\"step-item-title text-color-dark font-weight-bold p-t-xs\">le 22 f\u00e9vrier 2026<\/h5><div class=\"step-item-desc\"><p>La voie des Sages Module 5<br \/>Intentions et codes de gu\u00e9rison<\/p><\/div><\/div><\/div><\/div><\/div>\t\t<\/div>\n\t\t\t\t<\/div>\n\t\t\t\t<div class=\"elementor-element elementor-element-e126e93 elementor-widget elementor-widget-image\" data-id=\"e126e93\" data-element_type=\"widget\" data-widget_type=\"image.default\">\n\t\t\t\t<div class=\"elementor-widget-container\">\n\t\t\t\t\t\t\t\t\t\t\t\t\t<img decoding=\"async\" width=\"723\" height=\"1024\" src=\"https:\/\/mesvoyagesinterieurs.com\/wp-content\/uploads\/2026\/01\/Actualite-Conferences-stages-et-constellations-Corinne-Collin-Bellet-01-16-2026_07_25_PM-723x1024.png\" class=\"attachment-large size-large wp-image-6496\" alt=\"\" srcset=\"https:\/\/mesvoyagesinterieurs.com\/wp-content\/uploads\/2026\/01\/Actualite-Conferences-stages-et-constellations-Corinne-Collin-Bellet-01-16-2026_07_25_PM-723x1024.png 723w, https:\/\/mesvoyagesinterieurs.com\/wp-content\/uploads\/2026\/01\/Actualite-Conferences-stages-et-constellations-Corinne-Collin-Bellet-01-16-2026_07_25_PM-320x453.png 320w, https:\/\/mesvoyagesinterieurs.com\/wp-content\/uploads\/2026\/01\/Actualite-Conferences-stages-et-constellations-Corinne-Collin-Bellet-01-16-2026_07_25_PM-480x680.png 480w, https:\/\/mesvoyagesinterieurs.com\/wp-content\/uploads\/2026\/01\/Actualite-Conferences-stages-et-constellations-Corinne-Collin-Bellet-01-16-2026_07_25_PM-640x906.png 640w, https:\/\/mesvoyagesinterieurs.com\/wp-content\/uploads\/2026\/01\/Actualite-Conferences-stages-et-constellations-Corinne-Collin-Bellet-01-16-2026_07_25_PM-400x566.png 400w, https:\/\/mesvoyagesinterieurs.com\/wp-content\/uploads\/2026\/01\/Actualite-Conferences-stages-et-constellations-Corinne-Collin-Bellet-01-16-2026_07_25_PM-367x520.png 367w, https:\/\/mesvoyagesinterieurs.com\/wp-content\/uploads\/2026\/01\/Actualite-Conferences-stages-et-constellations-Corinne-Collin-Bellet-01-16-2026_07_25_PM-600x850.png 600w\" sizes=\"(max-width: 723px) 100vw, 723px\" \/>\t\t\t\t\t\t\t\t\t\t\t\t\t<\/div>\n\t\t\t\t<\/div>\n\t\t\t\t<div class=\"elementor-element elementor-element-8332b12 elementor-widget elementor-widget-image\" data-id=\"8332b12\" data-element_type=\"widget\" data-widget_type=\"image.default\">\n\t\t\t\t<div class=\"elementor-widget-container\">\n\t\t\t\t\t\t\t\t\t\t\t\t\t<img loading=\"lazy\" decoding=\"async\" width=\"724\" height=\"1024\" src=\"https:\/\/mesvoyagesinterieurs.com\/wp-content\/uploads\/2026\/01\/Module-5-les-sages-2026-724x1024.png\" class=\"attachment-large size-large wp-image-6724\" alt=\"\" srcset=\"https:\/\/mesvoyagesinterieurs.com\/wp-content\/uploads\/2026\/01\/Module-5-les-sages-2026-724x1024.png 724w, https:\/\/mesvoyagesinterieurs.com\/wp-content\/uploads\/2026\/01\/Module-5-les-sages-2026-320x453.png 320w, https:\/\/mesvoyagesinterieurs.com\/wp-content\/uploads\/2026\/01\/Module-5-les-sages-2026-480x679.png 480w, https:\/\/mesvoyagesinterieurs.com\/wp-content\/uploads\/2026\/01\/Module-5-les-sages-2026-640x905.png 640w, https:\/\/mesvoyagesinterieurs.com\/wp-content\/uploads\/2026\/01\/Module-5-les-sages-2026-400x566.png 400w, https:\/\/mesvoyagesinterieurs.com\/wp-content\/uploads\/2026\/01\/Module-5-les-sages-2026-367x519.png 367w, https:\/\/mesvoyagesinterieurs.com\/wp-content\/uploads\/2026\/01\/Module-5-les-sages-2026-600x849.png 600w\" sizes=\"(max-width: 724px) 100vw, 724px\" \/>\t\t\t\t\t\t\t\t\t\t\t\t\t<\/div>\n\t\t\t\t<\/div>\n\t\t\t\t\t<\/div>\r\n\t\t\t\t<\/div>\r\n\t\t\t\t\t<\/div>\r\n\t\t\t\t<\/section>\r\n\t\t\t\t<\/div>\n\t\t","protected":false},"excerpt":{"rendered":"<p>Retraite R\u00e9g\u00e9n\u00e9ratrice\u00e0 ESSAOUIRA Et si vous vous offriez bien plus qu&rsquo;une pause? Un temps pour respirer, d\u00e9poser ce qui p\u00e8se et vous reconnecter \u00e0 l&rsquo;essentiel. Dans l&rsquo;\u00e9nergie du lieu et la force du groupe, vous ralentissez et repartez plus align\u00e9, plus lucide, plus vivant. Une exp\u00e9rience de ressourcement profond et des cl\u00e9s concr\u00e8tes pour la [&hellip;]<\/p>\n","protected":false},"author":1,"featured_media":0,"parent":0,"menu_order":0,"comment_status":"closed","ping_status":"closed","template":"","meta":{"content-type":"","footnotes":""},"class_list":["post-6553","page","type-page","status-publish","hentry"],"acf":[],"_links":{"self":[{"href":"https:\/\/mesvoyagesinterieurs.com\/index.php\/wp-json\/wp\/v2\/pages\/6553","targetHints":{"allow":["GET"]}}],"collection":[{"href":"https:\/\/mesvoyagesinterieurs.com\/index.php\/wp-json\/wp\/v2\/pages"}],"about":[{"href":"https:\/\/mesvoyagesinterieurs.com\/index.php\/wp-json\/wp\/v2\/types\/page"}],"author":[{"embeddable":true,"href":"https:\/\/mesvoyagesinterieurs.com\/index.php\/wp-json\/wp\/v2\/users\/1"}],"replies":[{"embeddable":true,"href":"https:\/\/mesvoyagesinterieurs.com\/index.php\/wp-json\/wp\/v2\/comments?post=6553"}],"version-history":[{"count":71,"href":"https:\/\/mesvoyagesinterieurs.com\/index.php\/wp-json\/wp\/v2\/pages\/6553\/revisions"}],"predecessor-version":[{"id":6766,"href":"https:\/\/mesvoyagesinterieurs.com\/index.php\/wp-json\/wp\/v2\/pages\/6553\/revisions\/6766"}],"wp:attachment":[{"href":"https:\/\/mesvoyagesinterieurs.com\/index.php\/wp-json\/wp\/v2\/media?parent=6553"}],"curies":[{"name":"wp","href":"https:\/\/api.w.org\/{rel}","templated":true}]}}