{"id":3599,"date":"2024-03-13T23:00:43","date_gmt":"2024-03-13T22:00:43","guid":{"rendered":"https:\/\/mesvoyagesinterieurs.com\/?post_type=product&#038;p=3599"},"modified":"2026-01-17T01:40:13","modified_gmt":"2026-01-17T00:40:13","slug":"mediter-a-coeur-ouvert","status":"publish","type":"product","link":"https:\/\/mesvoyagesinterieurs.com\/index.php\/product\/mediter-a-coeur-ouvert\/","title":{"rendered":"Album complet : M\u00e9diter \u00e0 Coeur Ouvert"},"content":{"rendered":"<p>Album de m\u00e9ditation 2h45 d&rsquo;\u00e9coute en collaboration avec <strong>le musicien Peder B.Helland<\/strong><\/p>\n<p>C&rsquo;est la gr\u00e2ce de 9 morceaux \u00e9crits avec l&rsquo;inspiration de la Terre vibrante.<br \/>\nL&rsquo;unit\u00e9 int\u00e9rieure profonde comme un appel \u00e0 pacifier la source en chacun.<\/p>\n<p>9 voyages initiatiques pour reconnecter la tendret\u00e9 de l&rsquo;enfant int\u00e9rieur, rencontrer le sage en toi, se laisser toucher par la b\u00e9n\u00e9diction du coeur, s&rsquo;initier \u00e0 la gr\u00e2ce de vivre chaque jour en fertilisant son terreau d&rsquo;humain&#8230;<\/p>\n<p>Chaque voyage sonore est une exp\u00e9rience \u00e0 vibrer en sororit\u00e9. La douceur enveloppante de la voix chuchot\u00e9e, l&rsquo;alchimie des musiques agissantes, le stimulus hypnotique des sons binauraux font de cette exp\u00e9rience sonore, un champ d&rsquo;\u00e2mour pour l&rsquo;\u00eatret\u00e9.<\/p>\n<p>Une exp\u00e9rience bouleversante \u00e0 vivre immobile de l&rsquo;amour de soi \u00e0 l&rsquo;\u00e2me du Monde.<br \/>\nPuissiez-vous embarquer au c\u0153ur de ces voyages avec l&rsquo;impulsion de Vivre chaque seconde en \u00e9motion totale&#8230;la m\u00e9ditation a chang\u00e9 sa vie&#8230;Entrer dans ce ballet du corps par la r\u00e9sonance du c\u0153ur et renverser toutes tes croyances limitantes. Pour faire un cadeau rempli d&rsquo;amour et de conscience c&rsquo;est par ici :<\/p>\n<p>Album en t\u00e9l\u00e9chargement num\u00e9rique qui se compose d&rsquo;une introduction et de 9 pistes audio :<\/p>\n<p>Intro<br \/>\n1 Gr\u00e2ce d\u2019un nouveau jour de vie<br \/>\n2 Les couleurs de l\u2019\u00eatre, harmonisation des chakras<br \/>\n3 Gratitude la vie est un cadeau<br \/>\n4 A la source du sage en moi<br \/>\n5 Mes petits cailloux d\u2019\u00e2me<br \/>\n6 Gu\u00e9rison de l\u2019enfant en moi<br \/>\n7 Metta Bhavana le chemin de l\u2019amour<br \/>\n8 La b\u00e9n\u00e9diction du c\u0153ur<br \/>\n9 Alchimie de l\u2019\u00eatret\u00e9, la voie de la tendresse<\/p>\n","protected":false},"excerpt":{"rendered":"<p>Plongez dans la gr\u00e2ce de 9 morceaux inspir\u00e9s par la Terre vibrante, invitant \u00e0 pacifier la source en chacun. Ces 9 voyages initiatiques vous reconnectent \u00e0 votre enfant int\u00e9rieur, vous permettent de rencontrer le sage en vous et de vivre chaque jour dans la gr\u00e2ce. Avec des sons enveloppants et hypnotiques, cette exp\u00e9rience sonore vous transporte dans un champ d&rsquo;amour pour l&rsquo;\u00eatre. Embarquez pour une exp\u00e9rience bouleversante et vivez chaque seconde avec \u00e9motion totale. Offrez-vous ou offrez \u00e0 vos proches ce cadeau rempli d&rsquo;amour et de conscience.\u00a0\u00bb<\/p>\n","protected":false},"featured_media":6677,"template":"","meta":{"content-type":""},"product_cat":[46],"product_tag":[36,37,38,35],"class_list":["post-3599","product","type-product","status-publish","has-post-thumbnail","hentry","product_cat-alum-mediter-coeur-ouvert","product_tag-bien-etre","product_tag-bonheur","product_tag-developpement-personnel","product_tag-livre"],"acf":[],"_links":{"self":[{"href":"https:\/\/mesvoyagesinterieurs.com\/index.php\/wp-json\/wp\/v2\/product\/3599","targetHints":{"allow":["GET"]}}],"collection":[{"href":"https:\/\/mesvoyagesinterieurs.com\/index.php\/wp-json\/wp\/v2\/product"}],"about":[{"href":"https:\/\/mesvoyagesinterieurs.com\/index.php\/wp-json\/wp\/v2\/types\/product"}],"version-history":[{"count":3,"href":"https:\/\/mesvoyagesinterieurs.com\/index.php\/wp-json\/wp\/v2\/product\/3599\/revisions"}],"predecessor-version":[{"id":4909,"href":"https:\/\/mesvoyagesinterieurs.com\/index.php\/wp-json\/wp\/v2\/product\/3599\/revisions\/4909"}],"wp:featuredmedia":[{"embeddable":true,"href":"https:\/\/mesvoyagesinterieurs.com\/index.php\/wp-json\/wp\/v2\/media\/6677"}],"wp:attachment":[{"href":"https:\/\/mesvoyagesinterieurs.com\/index.php\/wp-json\/wp\/v2\/media?parent=3599"}],"wp:term":[{"taxonomy":"product_cat","embeddable":true,"href":"https:\/\/mesvoyagesinterieurs.com\/index.php\/wp-json\/wp\/v2\/product_cat?post=3599"},{"taxonomy":"product_tag","embeddable":true,"href":"https:\/\/mesvoyagesinterieurs.com\/index.php\/wp-json\/wp\/v2\/product_tag?post=3599"}],"curies":[{"name":"wp","href":"https:\/\/api.w.org\/{rel}","templated":true}]}}