{"id":4566,"date":"2024-04-28T23:41:54","date_gmt":"2024-04-28T21:41:54","guid":{"rendered":"https:\/\/mesvoyagesinterieurs.com\/?post_type=product&#038;p=4566"},"modified":"2024-06-06T17:43:14","modified_gmt":"2024-06-06T15:43:14","slug":"de-lame-a-tiers-a-la-lumiere-soin-de-liberation-energetique","status":"publish","type":"product","link":"https:\/\/mesvoyagesinterieurs.com\/index.php\/product\/de-lame-a-tiers-a-la-lumiere-soin-de-liberation-energetique\/","title":{"rendered":"De l&rsquo;\u00e2me \u00e0 tiers \u00e0 la lumi\u00e8re &#8211; Soin de lib\u00e9ration \u00e9nerg\u00e9tique"},"content":{"rendered":"<p>Ce soin \u00e9nerg\u00e9tique, guid\u00e9 par la lumi\u00e8re de l&rsquo;\u00e2me, offre un chemin vers la gu\u00e9rison et l&rsquo;harmonie. En puisant dans mes capacit\u00e9s m\u00e9diumniques, je vous accompagne avec amour dans votre transformation int\u00e9rieure. Gr\u00e2ce \u00e0 des rituels sacr\u00e9s et des lib\u00e9rations \u00e9nerg\u00e9tiques, je vous aide \u00e0 rompre avec les blocages et \u00e0 retrouver la fluidit\u00e9 de l&rsquo;\u00e9nergie vitale dans tous vos corps. Les soins, r\u00e9alis\u00e9s \u00e0 distance, sont personnalis\u00e9s et utilisent des outils tels que la radiesth\u00e9sie et la connexion aux guides spirituels. Avec humilit\u00e9 et clart\u00e9, je vous offre la puissance de l&rsquo;amour universel pour illuminer votre chemin vers la gu\u00e9rison.<\/p>\n","protected":false},"excerpt":{"rendered":"<p>Ce soin \u00e9nerg\u00e9tique, guid\u00e9 par la lumi\u00e8re de l&rsquo;\u00e2me, offre un chemin vers la gu\u00e9rison et l&rsquo;harmonie. Gr\u00e2ce \u00e0 des rituels sacr\u00e9s et des lib\u00e9rations \u00e9nerg\u00e9tiques, je vous aide \u00e0 rompre avec les blocages et \u00e0 retrouver la fluidit\u00e9 de l&rsquo;\u00e9nergie vitale dans tous vos corps.<\/p>\n","protected":false},"featured_media":4540,"template":"","meta":{"content-type":""},"product_cat":[31],"product_tag":[],"class_list":["post-4566","product","type-product","status-publish","has-post-thumbnail","hentry","product_cat-consultations"],"acf":[],"_links":{"self":[{"href":"https:\/\/mesvoyagesinterieurs.com\/index.php\/wp-json\/wp\/v2\/product\/4566","targetHints":{"allow":["GET"]}}],"collection":[{"href":"https:\/\/mesvoyagesinterieurs.com\/index.php\/wp-json\/wp\/v2\/product"}],"about":[{"href":"https:\/\/mesvoyagesinterieurs.com\/index.php\/wp-json\/wp\/v2\/types\/product"}],"version-history":[{"count":0,"href":"https:\/\/mesvoyagesinterieurs.com\/index.php\/wp-json\/wp\/v2\/product\/4566\/revisions"}],"wp:featuredmedia":[{"embeddable":true,"href":"https:\/\/mesvoyagesinterieurs.com\/index.php\/wp-json\/wp\/v2\/media\/4540"}],"wp:attachment":[{"href":"https:\/\/mesvoyagesinterieurs.com\/index.php\/wp-json\/wp\/v2\/media?parent=4566"}],"wp:term":[{"taxonomy":"product_cat","embeddable":true,"href":"https:\/\/mesvoyagesinterieurs.com\/index.php\/wp-json\/wp\/v2\/product_cat?post=4566"},{"taxonomy":"product_tag","embeddable":true,"href":"https:\/\/mesvoyagesinterieurs.com\/index.php\/wp-json\/wp\/v2\/product_tag?post=4566"}],"curies":[{"name":"wp","href":"https:\/\/api.w.org\/{rel}","templated":true}]}}