{"id":4727,"date":"2024-06-06T14:53:41","date_gmt":"2024-06-06T12:53:41","guid":{"rendered":"https:\/\/mesvoyagesinterieurs.com\/?post_type=product&#038;p=4727"},"modified":"2024-06-25T15:45:33","modified_gmt":"2024-06-25T13:45:33","slug":"mantras-dame-100-mercis-a-la-vie","status":"publish","type":"product","link":"https:\/\/mesvoyagesinterieurs.com\/index.php\/product\/mantras-dame-100-mercis-a-la-vie\/","title":{"rendered":"Mantras d\u2019\u00e2me, 100 mercis \u00e0 la vie"},"content":{"rendered":"","protected":false},"excerpt":{"rendered":"<p>Les mantras \u00e0 l\u2019origine sont <strong>des formules sacr\u00e9es<\/strong> r\u00e9dig\u00e9es en sanskrit, utilis\u00e9es depuis toujours dans les philosophies hindouiste et bouddhiste. Ils accompagnent votre vie de tous les jours.<\/p>\n<p>Les mantras sont li\u00e9s \u00e0 la spiritualit\u00e9 et permettent de nous connecter \u00e0 certaines ondes sp\u00e9cifiques qui nous enverront leur \u00e9nergie positive. Je vous recommande de les utiliser avec conscience et sagesse, dans l\u2019intention du coeur.<\/p>\n<p>Chaque matin, au r\u00e9veil, vous pouvez r\u00e9citer votre mantra positif.<br \/>\nIl aura une bonne influence sur le d\u00e9roulement de votre journ\u00e9e et, si vous le pratiquez sur le long terme, sur toute votre existence.<\/p>\n","protected":false},"featured_media":4729,"template":"","meta":{"content-type":""},"product_cat":[43],"product_tag":[],"class_list":["post-4727","product","type-product","status-publish","has-post-thumbnail","hentry","product_cat-soin"],"acf":[],"_links":{"self":[{"href":"https:\/\/mesvoyagesinterieurs.com\/index.php\/wp-json\/wp\/v2\/product\/4727","targetHints":{"allow":["GET"]}}],"collection":[{"href":"https:\/\/mesvoyagesinterieurs.com\/index.php\/wp-json\/wp\/v2\/product"}],"about":[{"href":"https:\/\/mesvoyagesinterieurs.com\/index.php\/wp-json\/wp\/v2\/types\/product"}],"version-history":[{"count":2,"href":"https:\/\/mesvoyagesinterieurs.com\/index.php\/wp-json\/wp\/v2\/product\/4727\/revisions"}],"predecessor-version":[{"id":4932,"href":"https:\/\/mesvoyagesinterieurs.com\/index.php\/wp-json\/wp\/v2\/product\/4727\/revisions\/4932"}],"wp:featuredmedia":[{"embeddable":true,"href":"https:\/\/mesvoyagesinterieurs.com\/index.php\/wp-json\/wp\/v2\/media\/4729"}],"wp:attachment":[{"href":"https:\/\/mesvoyagesinterieurs.com\/index.php\/wp-json\/wp\/v2\/media?parent=4727"}],"wp:term":[{"taxonomy":"product_cat","embeddable":true,"href":"https:\/\/mesvoyagesinterieurs.com\/index.php\/wp-json\/wp\/v2\/product_cat?post=4727"},{"taxonomy":"product_tag","embeddable":true,"href":"https:\/\/mesvoyagesinterieurs.com\/index.php\/wp-json\/wp\/v2\/product_tag?post=4727"}],"curies":[{"name":"wp","href":"https:\/\/api.w.org\/{rel}","templated":true}]}}