{"id":4778,"date":"2024-06-13T10:33:50","date_gmt":"2024-06-13T08:33:50","guid":{"rendered":"https:\/\/mesvoyagesinterieurs.com\/?post_type=product&#038;p=4778"},"modified":"2024-06-26T15:42:58","modified_gmt":"2024-06-26T13:42:58","slug":"a-la-rencontre-du-sage-en-toi","status":"publish","type":"product","link":"https:\/\/mesvoyagesinterieurs.com\/index.php\/product\/a-la-rencontre-du-sage-en-toi\/","title":{"rendered":"A la rencontre du sage en toi"},"content":{"rendered":"","protected":false},"excerpt":{"rendered":"<p>Une invitation \u00e0 reconnecter la nature, sa puret\u00e9, afin de c\u00e9l\u00e9brer les retrouvailles avec le sage en toi, le guide et l\u2019\u00e9l\u00e8ve<br \/>\nAu bord d\u2019une fontaine, un vieil homme est l\u00e0 il repr\u00e9sente ta part de sagesse, il \u00e9mane de lui une lumi\u00e8re bleut\u00e9e et une chaleur humaine douce propice \u00e0 apaiser toute peine. Une immersion dans la tendresse du c\u0153ur<\/p>\n<h4>Ecouter un extrait :<\/h4>\n<audio class=\"wp-audio-shortcode\" id=\"audio-4778-1\" preload=\"none\" style=\"width: 100%;\" controls=\"controls\"><source type=\"audio\/wav\" src=\"https:\/\/mesvoyagesinterieurs.com\/wp-content\/uploads\/2024\/06\/SAGE.wav?_=1\" \/><a href=\"https:\/\/mesvoyagesinterieurs.com\/wp-content\/uploads\/2024\/06\/SAGE.wav\">https:\/\/mesvoyagesinterieurs.com\/wp-content\/uploads\/2024\/06\/SAGE.wav<\/a><\/audio>\n","protected":false},"featured_media":4771,"template":"","meta":{"content-type":""},"product_cat":[46],"product_tag":[],"class_list":["post-4778","product","type-product","status-publish","has-post-thumbnail","hentry","product_cat-alum-mediter-coeur-ouvert"],"acf":[],"_links":{"self":[{"href":"https:\/\/mesvoyagesinterieurs.com\/index.php\/wp-json\/wp\/v2\/product\/4778","targetHints":{"allow":["GET"]}}],"collection":[{"href":"https:\/\/mesvoyagesinterieurs.com\/index.php\/wp-json\/wp\/v2\/product"}],"about":[{"href":"https:\/\/mesvoyagesinterieurs.com\/index.php\/wp-json\/wp\/v2\/types\/product"}],"version-history":[{"count":3,"href":"https:\/\/mesvoyagesinterieurs.com\/index.php\/wp-json\/wp\/v2\/product\/4778\/revisions"}],"predecessor-version":[{"id":5026,"href":"https:\/\/mesvoyagesinterieurs.com\/index.php\/wp-json\/wp\/v2\/product\/4778\/revisions\/5026"}],"wp:featuredmedia":[{"embeddable":true,"href":"https:\/\/mesvoyagesinterieurs.com\/index.php\/wp-json\/wp\/v2\/media\/4771"}],"wp:attachment":[{"href":"https:\/\/mesvoyagesinterieurs.com\/index.php\/wp-json\/wp\/v2\/media?parent=4778"}],"wp:term":[{"taxonomy":"product_cat","embeddable":true,"href":"https:\/\/mesvoyagesinterieurs.com\/index.php\/wp-json\/wp\/v2\/product_cat?post=4778"},{"taxonomy":"product_tag","embeddable":true,"href":"https:\/\/mesvoyagesinterieurs.com\/index.php\/wp-json\/wp\/v2\/product_tag?post=4778"}],"curies":[{"name":"wp","href":"https:\/\/api.w.org\/{rel}","templated":true}]}}