{"id":4791,"date":"2024-06-17T15:21:26","date_gmt":"2024-06-17T13:21:26","guid":{"rendered":"https:\/\/mesvoyagesinterieurs.com\/?post_type=product&#038;p=4791"},"modified":"2024-06-17T15:22:26","modified_gmt":"2024-06-17T13:22:26","slug":"liberation-du-ressentiment","status":"publish","type":"product","link":"https:\/\/mesvoyagesinterieurs.com\/index.php\/product\/liberation-du-ressentiment\/","title":{"rendered":"Lib\u00e9ration du ressentiment"},"content":{"rendered":"","protected":false},"excerpt":{"rendered":"<p>Un d\u00e9licat voyage pour explorer les parties sombres de l&rsquo;\u00eatre afin d&rsquo;en lib\u00e9rer les Parts d&rsquo;injustice, de ressentiment ou de col\u00e8re qui tr\u00e8s souvent ternissent et entravent le rayonnement, bloquent votre lumi\u00e8re.<br \/>\nVivre dans le ressentiment c&rsquo;est comme boire du poison et attendre que l&rsquo;autre Meure, en r\u00e9alit\u00e9 on s&#8217;empoisonne soi-m\u00eame. Nous avons tous connu des moments de ressentiment qui peuvent \u00eatre li\u00e9s \u00e0 l&rsquo;accumulation de plusieurs d\u00e9senchantements, de la d\u00e9ception venant d&rsquo;\u00eatres chers ou d&rsquo;attentes plac\u00e9es \u00e0 un trop haut niveau.<\/p>\n<p>Cela peut-\u00eatre venir de passions tristes, peut-\u00eatre de la col\u00e8re r\u00e9prim\u00e9e, le sentiment d&rsquo;avoir \u00e9t\u00e9 l\u00e9s\u00e9 ou le fait de ruminer dans l\u2019isolement<br \/>\nPour moi lorsque le ressentiment c\u2019est ce que nous avons en t\u00eate ou en coeur et qui devient notre principal objet de focalisation. Une inclinaison de la pens\u00e9e et des \u00e9motions plut\u00f4t perverse \u00e0 la longue et qui cr\u00e9e un enlisement qui ronge je dirais que le ressentiment au fur et \u00e0 mesure qu&rsquo;il gagne du terrain et bien c&amp;#39;est votre aptitude \u00e0 la libert\u00e9 qui diminue.<\/p>\n","protected":false},"featured_media":4793,"template":"","meta":{"content-type":""},"product_cat":[43],"product_tag":[],"class_list":["post-4791","product","type-product","status-publish","has-post-thumbnail","hentry","product_cat-soin"],"acf":[],"_links":{"self":[{"href":"https:\/\/mesvoyagesinterieurs.com\/index.php\/wp-json\/wp\/v2\/product\/4791","targetHints":{"allow":["GET"]}}],"collection":[{"href":"https:\/\/mesvoyagesinterieurs.com\/index.php\/wp-json\/wp\/v2\/product"}],"about":[{"href":"https:\/\/mesvoyagesinterieurs.com\/index.php\/wp-json\/wp\/v2\/types\/product"}],"version-history":[{"count":0,"href":"https:\/\/mesvoyagesinterieurs.com\/index.php\/wp-json\/wp\/v2\/product\/4791\/revisions"}],"wp:featuredmedia":[{"embeddable":true,"href":"https:\/\/mesvoyagesinterieurs.com\/index.php\/wp-json\/wp\/v2\/media\/4793"}],"wp:attachment":[{"href":"https:\/\/mesvoyagesinterieurs.com\/index.php\/wp-json\/wp\/v2\/media?parent=4791"}],"wp:term":[{"taxonomy":"product_cat","embeddable":true,"href":"https:\/\/mesvoyagesinterieurs.com\/index.php\/wp-json\/wp\/v2\/product_cat?post=4791"},{"taxonomy":"product_tag","embeddable":true,"href":"https:\/\/mesvoyagesinterieurs.com\/index.php\/wp-json\/wp\/v2\/product_tag?post=4791"}],"curies":[{"name":"wp","href":"https:\/\/api.w.org\/{rel}","templated":true}]}}